{"id":83,"date":"2022-07-02T12:28:05","date_gmt":"2022-07-02T12:28:05","guid":{"rendered":"https:\/\/www.tuulenkaato.fi\/?page_id=83"},"modified":"2024-07-22T20:08:14","modified_gmt":"2024-07-22T20:08:14","slug":"pihapuiden-kaato","status":"publish","type":"page","link":"https:\/\/www.tuulenkaato.fi\/index.php\/pihapuiden-kaato\/","title":{"rendered":"Pihapuiden kaato"},"content":{"rendered":"\n<p class=\"has-black-color has-text-color has-link-color wp-elements-04f580c345e4e775cb0a211bdd6d51d9\">Pihapuiden kaato sis\u00e4lt\u00e4\u00e4 l\u00e4hes aina paljon enemm\u00e4n riskej\u00e4, kuin mets\u00e4ss\u00e4 olevan puun kaato. Pihapuiden l\u00e4helt\u00e4 l\u00f6ytyy rakennuksia, s\u00e4hk\u00f6linjoja, istutuksia, muita puita, terasseja, piha-aitoja, lipputankoja ynn\u00e4 muuta&#8230; lista on pitk\u00e4. Pihapuun kaadossa on aina otettava ymp\u00e4rist\u00f6 tarkasti huomioon ja puu ei saa kaatua v\u00e4\u00e4r\u00e4\u00e4n suuntaan. Pihapuut ovat tyypillisesti my\u00f6s keskim\u00e4\u00e4r\u00e4ist\u00e4 suurempia ja niiss\u00e4 on monesti i\u00e4n tai koon mukanaan tuomia vioittumia tai lahoa.<\/p>\n\n\n\n<p class=\"has-black-color has-text-color has-link-color wp-elements-b152f69c655f07d7eb5ac63af23f4119\">Monessa tapauksessa puun ymp\u00e4rille on joko rakennettu jotain tai puu on p\u00e4\u00e4ssyt kasvamaan sellaiseen paikkaan, ett\u00e4 se ei mahdu kaatumaan en\u00e4\u00e4 kokonaisena. N\u00e4iss\u00e4 tapauksissa puun poisto on suoritettava kiipeilykaatona tai nostokority\u00f6skentelyn\u00e4. <\/p>\n\n\n\n<h2 class=\"wp-block-heading\">Suorakaato<\/h2>\n\n\n\n<p class=\"has-black-color has-text-color has-link-color wp-elements-54eaa59bdf91117a2a00a59ee0f279c0\">Suorakaato tarkoittaa nimens\u00e4 mukaisesti sit\u00e4, ett\u00e4 puu kaadetaan suorana, eli kokonaisena. Suorakaato on nopea ja edullinen tapa suorittaa ongelmapuun kaato silloin, kun puu mahtuu kaatumaan kokonaisena.<\/p>\n\n\n<div class=\"wp-block-image is-style-rounded\">\n<figure class=\"alignleft is-resized\"><img loading=\"lazy\" decoding=\"async\" width=\"768\" height=\"1024\" src=\"https:\/\/www.tuulenkaato.fi\/wp-content\/uploads\/2024\/07\/taljakaato-768x1024.jpg\" alt=\"\" class=\"wp-image-148\" style=\"width:368px;height:auto\" srcset=\"https:\/\/www.tuulenkaato.fi\/wp-content\/uploads\/2024\/07\/taljakaato-768x1024.jpg 768w, https:\/\/www.tuulenkaato.fi\/wp-content\/uploads\/2024\/07\/taljakaato-225x300.jpg 225w, https:\/\/www.tuulenkaato.fi\/wp-content\/uploads\/2024\/07\/taljakaato-1152x1536.jpg 1152w, https:\/\/www.tuulenkaato.fi\/wp-content\/uploads\/2024\/07\/taljakaato-1536x2048.jpg 1536w, https:\/\/www.tuulenkaato.fi\/wp-content\/uploads\/2024\/07\/taljakaato-465x620.jpg 465w, https:\/\/www.tuulenkaato.fi\/wp-content\/uploads\/2024\/07\/taljakaato-750x1000.jpg 750w, https:\/\/www.tuulenkaato.fi\/wp-content\/uploads\/2024\/07\/taljakaato-488x650.jpg 488w, https:\/\/www.tuulenkaato.fi\/wp-content\/uploads\/2024\/07\/taljakaato-338x450.jpg 338w, https:\/\/www.tuulenkaato.fi\/wp-content\/uploads\/2024\/07\/taljakaato-scaled.jpg 1920w\" sizes=\"(max-width: 768px) 100vw, 768px\" \/><figcaption class=\"wp-element-caption\">Vaijeritaljaa hy\u00f6dynnet\u00e4\u00e4n haastavammissa suorakaadoissa.<\/figcaption><\/figure><\/div>\n\n\n<h2 class=\"wp-block-heading\">Kiipeilykaato<\/h2>\n\n\n\n<p class=\"has-black-color has-text-color has-link-color wp-elements-44c1ff1830c22bd77742211ad4b63d7c\">Ahtaammissa paikoissa puun poisto voidaan suorittaa kiipeilykaatona. Kiipeilykaato on turvallinen ja varma ratkaisu kaataa puu silloin, kun puu ei mahdu kaatumaan kokonaisena.<\/p>\n\n\n<div class=\"wp-block-image is-style-rounded\">\n<figure class=\"alignleft size-large is-resized\"><img loading=\"lazy\" decoding=\"async\" width=\"772\" height=\"1024\" src=\"https:\/\/www.tuulenkaato.fi\/wp-content\/uploads\/2024\/07\/IMG_20230120_164923-772x1024.jpg\" alt=\"\" class=\"wp-image-118\" style=\"width:353px;height:auto\" srcset=\"https:\/\/www.tuulenkaato.fi\/wp-content\/uploads\/2024\/07\/IMG_20230120_164923-772x1024.jpg 772w, https:\/\/www.tuulenkaato.fi\/wp-content\/uploads\/2024\/07\/IMG_20230120_164923-226x300.jpg 226w, https:\/\/www.tuulenkaato.fi\/wp-content\/uploads\/2024\/07\/IMG_20230120_164923-768x1018.jpg 768w, https:\/\/www.tuulenkaato.fi\/wp-content\/uploads\/2024\/07\/IMG_20230120_164923-1159x1536.jpg 1159w, https:\/\/www.tuulenkaato.fi\/wp-content\/uploads\/2024\/07\/IMG_20230120_164923-1545x2048.jpg 1545w, https:\/\/www.tuulenkaato.fi\/wp-content\/uploads\/2024\/07\/IMG_20230120_164923-468x620.jpg 468w, https:\/\/www.tuulenkaato.fi\/wp-content\/uploads\/2024\/07\/IMG_20230120_164923-754x1000.jpg 754w, https:\/\/www.tuulenkaato.fi\/wp-content\/uploads\/2024\/07\/IMG_20230120_164923-490x650.jpg 490w, https:\/\/www.tuulenkaato.fi\/wp-content\/uploads\/2024\/07\/IMG_20230120_164923-339x450.jpg 339w, https:\/\/www.tuulenkaato.fi\/wp-content\/uploads\/2024\/07\/IMG_20230120_164923-scaled.jpg 1931w\" sizes=\"(max-width: 772px) 100vw, 772px\" \/><figcaption class=\"wp-element-caption\">Kiipeily mahdollistaa puun poiston ahtaista paikoista pala kerrallaan.<\/figcaption><\/figure><\/div>","protected":false},"excerpt":{"rendered":"<p>Pihapuiden kaato sis\u00e4lt\u00e4\u00e4 l\u00e4hes aina paljon enemm\u00e4n riskej\u00e4, kuin mets\u00e4ss\u00e4 olevan puun kaato. Pihapuiden l\u00e4helt\u00e4 l\u00f6ytyy rakennuksia, s\u00e4hk\u00f6linjoja, istutuksia, muita puita, terasseja, piha-aitoja, lipputankoja ynn\u00e4 muuta&#8230; lista on pitk\u00e4. Pihapuun&hellip;<a href=\"https:\/\/www.tuulenkaato.fi\/index.php\/pihapuiden-kaato\/\" class=\"more-link\"><span class=\"more-button\">Jatka lukemista&#8230;<span class=\"screen-reader-text\">Pihapuiden kaato<\/span><\/span><\/a><\/p>\n","protected":false},"author":1,"featured_media":0,"parent":0,"menu_order":0,"comment_status":"closed","ping_status":"closed","template":"","meta":{"footnotes":""},"class_list":["post-83","page","type-page","status-publish","hentry"],"_links":{"self":[{"href":"https:\/\/www.tuulenkaato.fi\/index.php\/wp-json\/wp\/v2\/pages\/83"}],"collection":[{"href":"https:\/\/www.tuulenkaato.fi\/index.php\/wp-json\/wp\/v2\/pages"}],"about":[{"href":"https:\/\/www.tuulenkaato.fi\/index.php\/wp-json\/wp\/v2\/types\/page"}],"author":[{"embeddable":true,"href":"https:\/\/www.tuulenkaato.fi\/index.php\/wp-json\/wp\/v2\/users\/1"}],"replies":[{"embeddable":true,"href":"https:\/\/www.tuulenkaato.fi\/index.php\/wp-json\/wp\/v2\/comments?post=83"}],"version-history":[{"count":2,"href":"https:\/\/www.tuulenkaato.fi\/index.php\/wp-json\/wp\/v2\/pages\/83\/revisions"}],"predecessor-version":[{"id":154,"href":"https:\/\/www.tuulenkaato.fi\/index.php\/wp-json\/wp\/v2\/pages\/83\/revisions\/154"}],"wp:attachment":[{"href":"https:\/\/www.tuulenkaato.fi\/index.php\/wp-json\/wp\/v2\/media?parent=83"}],"curies":[{"name":"wp","href":"https:\/\/api.w.org\/{rel}","templated":true}]}}