{"id":79,"date":"2022-07-02T11:46:46","date_gmt":"2022-07-02T11:46:46","guid":{"rendered":"https:\/\/www.tuulenkaato.fi\/?page_id=79"},"modified":"2022-07-02T19:26:16","modified_gmt":"2022-07-02T19:26:16","slug":"etusivu","status":"publish","type":"page","link":"https:\/\/www.tuulenkaato.fi\/","title":{"rendered":"Tuulenkaato"},"content":{"rendered":"\n<div class=\"wp-block-group alignfull has-white-background-color has-background\"><div class=\"wp-block-group__inner-container is-layout-flow wp-block-group-is-layout-flow\">\n<p class=\"has-black-color has-white-background-color has-text-color has-background\">Tuulenkaato on yhden miehen yritys, joka tarjoaa pihapuiden ja ongelmapuiden kaatoa. Tuulenkaadon toiminta-alue sis\u00e4lt\u00e4\u00e4 Lapinj\u00e4rven, Orimattilan, Myrskyl\u00e4n sek\u00e4 n\u00e4iden l\u00e4hialueet. Puiden kaadot suoritetaan aina turvallisuus etusijalla ja ty\u00f6tavat ja -v\u00e4lineet valitaan kaadettavien puiden, niiden ymp\u00e4rist\u00f6jen ja s\u00e4\u00e4n mukaan.<\/p>\n\n\n\n<p class=\"has-black-color has-white-background-color has-text-color has-background\">Tilaa Tuulenkaato paikalle, niin kaadetaan mahdollisuuksien mukaan ongelmapuut jo ensik\u00e4ynnill\u00e4, tai vaihtoehtoisesti saat maksuttoman arvion kaatoty\u00f6n hinnasta. Muista, ett\u00e4 puun kaato on aina turvallisempaa ja edullisempaa, mit\u00e4 pienempi ja terveempi kaadettava puu on. Ei kannata siis aiheuttaa riskej\u00e4 ymp\u00e4rist\u00f6lle p\u00e4\u00e4st\u00e4m\u00e4ll\u00e4 esimerkiksi talon nurkalla oleva koivu lahoamaan! Ajoissa tilattu Tuulenkaato on aina parempi vaihtoehto, kuin vaikkapa myrskyn aiheuttama puun kaatuminen.<\/p>\n<\/div><\/div>\n","protected":false},"excerpt":{"rendered":"<p>Tuulenkaato on yhden miehen yritys, joka tarjoaa pihapuiden ja ongelmapuiden kaatoa. Tuulenkaadon toiminta-alue sis\u00e4lt\u00e4\u00e4 Lapinj\u00e4rven, Orimattilan, Myrskyl\u00e4n sek\u00e4 n\u00e4iden l\u00e4hialueet. Puiden kaadot suoritetaan aina turvallisuus etusijalla ja ty\u00f6tavat ja -v\u00e4lineet&hellip;<a href=\"https:\/\/www.tuulenkaato.fi\/\" class=\"more-link\"><span class=\"more-button\">Jatka lukemista&#8230;<span class=\"screen-reader-text\">Tuulenkaato<\/span><\/span><\/a><\/p>\n","protected":false},"author":1,"featured_media":0,"parent":0,"menu_order":0,"comment_status":"closed","ping_status":"closed","template":"","meta":{"footnotes":""},"class_list":["post-79","page","type-page","status-publish","hentry"],"_links":{"self":[{"href":"https:\/\/www.tuulenkaato.fi\/index.php\/wp-json\/wp\/v2\/pages\/79"}],"collection":[{"href":"https:\/\/www.tuulenkaato.fi\/index.php\/wp-json\/wp\/v2\/pages"}],"about":[{"href":"https:\/\/www.tuulenkaato.fi\/index.php\/wp-json\/wp\/v2\/types\/page"}],"author":[{"embeddable":true,"href":"https:\/\/www.tuulenkaato.fi\/index.php\/wp-json\/wp\/v2\/users\/1"}],"replies":[{"embeddable":true,"href":"https:\/\/www.tuulenkaato.fi\/index.php\/wp-json\/wp\/v2\/comments?post=79"}],"version-history":[{"count":7,"href":"https:\/\/www.tuulenkaato.fi\/index.php\/wp-json\/wp\/v2\/pages\/79\/revisions"}],"predecessor-version":[{"id":137,"href":"https:\/\/www.tuulenkaato.fi\/index.php\/wp-json\/wp\/v2\/pages\/79\/revisions\/137"}],"wp:attachment":[{"href":"https:\/\/www.tuulenkaato.fi\/index.php\/wp-json\/wp\/v2\/media?parent=79"}],"curies":[{"name":"wp","href":"https:\/\/api.w.org\/{rel}","templated":true}]}}